{"id":262,"date":"2021-07-20T20:26:18","date_gmt":"2021-07-20T20:26:18","guid":{"rendered":"https:\/\/dentist.appdish.de\/index.php\/ueber-uns-4\/"},"modified":"2025-05-20T09:55:41","modified_gmt":"2025-05-20T09:55:41","slug":"ueber-uns","status":"publish","type":"page","link":"https:\/\/zahnarztpraxis-miller.de\/index.php\/ueber-uns\/","title":{"rendered":"Wir \u00fcber Uns"},"content":{"rendered":"\n    \n    <section class=\"u-clearfix u-gradient u-section-2\" id=\"sec-f2ec\">\n      <div class=\"u-clearfix u-sheet u-valign-middle-md u-valign-middle-sm u-valign-middle-xs u-sheet-1\">\n        <div class=\"u-clearfix u-expanded-width u-gutter-10 u-layout-wrap u-layout-wrap-1\">\n          <div class=\"u-gutter-0 u-layout\">\n            <div class=\"u-layout-col\">\n              <div class=\"u-container-style u-layout-cell u-size-30 u-layout-cell-1\">\n                <div class=\"u-container-layout u-valign-top-md u-valign-top-sm u-valign-top-xs u-container-layout-1\">\n                  <h2 class=\"u-align-center u-custom-font u-font-montserrat u-text u-text-palette-2-base u-text-1\">Wir \u00fcber uns<\/h2>\n                  <p class=\"u-align-center u-custom-font u-font-montserrat u-text u-text-palette-2-base u-text-2\">Wir wollen Ihnen nicht nur eine gute zahnmedizinische Versorgung erm\u00f6glichen, Sie sollen sich auch bei uns rundum wohl und sicher f\u00fchlen.<br>Deswegen nehmen wir uns gerne Zeit f\u00fcr Ihre Behandlung, Ihre Fragen und eine umfassende Beratung\u200b.\n                  <\/p>\n                <\/div>\n              <\/div>\n              <div class=\"u-container-style u-image u-layout-cell u-size-30 u-image-1\" data-image-width=\"720\" data-image-height=\"480\">\n                <div class=\"u-container-layout u-container-layout-2\"><\/div>\n              <\/div>\n            <\/div>\n          <\/div>\n        <\/div>\n      <\/div>\n    <\/section>\n    <section class=\"u-clearfix u-gradient u-section-3\" id=\"carousel_14db\">\n      <div class=\"u-align-left u-clearfix u-sheet u-sheet-1\">\n        <h2 class=\"u-align-center u-custom-font u-font-montserrat u-text u-text-palette-2-base u-text-1\">Unser Praxisteam<\/h2>\n        <div class=\"u-expanded-width-xs u-list u-list-1\">\n          <div class=\"u-repeater u-repeater-1\">\n            <div class=\"u-align-center u-container-style u-custom-item u-list-item u-repeater-item u-shape-rectangle u-white u-list-item-1\">\n              <div class=\"u-container-layout u-similar-container u-container-layout-1\">\n                <img decoding=\"async\" alt=\"\" class=\"u-expanded-width u-image u-image-default u-image-1\" src=\"https:\/\/zahnarztpraxis-miller.de\/wp-content\/uploads\/2021\/10\/LuggiMiller-2.webp\" data-image-width=\"1752\" data-image-height=\"1168\">\n                <p class=\"u-align-center u-custom-font u-font-montserrat u-text u-text-palette-1-base u-text-2\">Ihr Zahnarzt<\/p>\n                <h3 class=\"u-align-center u-custom-font u-font-montserrat u-text u-text-palette-2-base u-text-3\">Dr. Ludwig Miller<\/h3>\n              <\/div>\n            <\/div>\n          <\/div>\n        <\/div>\n      <\/div>\n    <\/section>\n    <section class=\"u-align-center u-clearfix u-container-align-center-lg u-container-align-center-md u-container-align-center-xl u-container-align-center-xs u-gradient u-section-4\" id=\"carousel_ccfd\">\n      <div class=\"u-clearfix u-sheet u-sheet-1\">\n        <div class=\"u-expanded-width-sm u-expanded-width-xs u-list u-list-1\">\n          <div class=\"u-repeater u-repeater-1\">\n            <div class=\"u-container-align-center u-container-style u-list-item u-repeater-item u-video-cover u-white u-list-item-1\" data-animation-name=\"customAnimationIn\" data-animation-duration=\"1500\" data-animation-delay=\"500\">\n              <div class=\"u-container-layout u-similar-container u-valign-bottom-lg u-container-layout-1\">\n                <img decoding=\"async\" alt=\"\" class=\"u-expanded-width u-image u-image-default u-image-1\" data-image-width=\"960\" data-image-height=\"640\" src=\"https:\/\/zahnarztpraxis-miller.de\/wp-content\/uploads\/2021\/07\/IMG_0676.jpg\" data-animation-name=\"customAnimationIn\" data-animation-duration=\"1250\" data-animation-delay=\"250\">\n                <div class=\"u-align-center u-container-style u-group u-white u-group-1\" data-animation-direction=\"Up\" data-animation-name=\"customAnimationIn\" data-animation-duration=\"1500\" data-animation-delay=\"500\">\n                  <div class=\"u-container-layout u-container-layout-2\">\n                    <h5 class=\"u-align-center-md u-align-center-sm u-align-center-xs u-text u-text-palette-1-base u-text-1\">Doreen Brendle<\/h5>\n                  <\/div>\n                <\/div>\n              <\/div>\n            <\/div>\n            <div class=\"u-container-align-center u-container-style u-list-item u-repeater-item u-video-cover u-white u-list-item-2\" data-animation-name=\"customAnimationIn\" data-animation-duration=\"1500\" data-animation-delay=\"500\">\n              <div class=\"u-container-layout u-similar-container u-valign-bottom-lg u-container-layout-3\">\n                <img decoding=\"async\" alt=\"\" class=\"u-expanded-width u-image u-image-default u-image-2\" data-image-width=\"960\" data-image-height=\"640\" src=\"https:\/\/zahnarztpraxis-miller.de\/wp-content\/uploads\/2021\/07\/IMG_0670.jpg\" data-animation-name=\"customAnimationIn\" data-animation-duration=\"1250\" data-animation-delay=\"250\">\n                <div class=\"u-align-center u-container-align-center u-container-style u-group u-white u-group-2\" data-animation-direction=\"Up\" data-animation-name=\"customAnimationIn\" data-animation-duration=\"1500\" data-animation-delay=\"500\">\n                  <div class=\"u-container-layout u-container-layout-4\">\n                    <h5 class=\"u-align-center-md u-align-center-sm u-align-center-xs u-text u-text-palette-1-base u-text-2\">Kathrin Dietz<\/h5>\n                  <\/div>\n                <\/div>\n              <\/div>\n            <\/div>\n            <div class=\"u-container-align-center u-container-style u-list-item u-repeater-item u-white u-list-item-3\" data-animation-name=\"customAnimationIn\" data-animation-duration=\"1500\" data-animation-delay=\"500\">\n              <div class=\"u-container-layout u-similar-container u-valign-bottom-lg u-container-layout-5\">\n                <img decoding=\"async\" alt=\"\" class=\"u-expanded-width u-image u-image-default u-image-3\" data-image-width=\"923\" data-image-height=\"1672\" src=\"https:\/\/zahnarztpraxis-miller.de\/wp-content\/uploads\/2025\/05\/RamonaHertl_cut.jpg\" data-animation-name=\"customAnimationIn\" data-animation-duration=\"1250\" data-animation-delay=\"250\">\n                <div class=\"u-align-center u-container-style u-group u-white u-group-3\" data-animation-direction=\"Up\" data-animation-name=\"customAnimationIn\" data-animation-duration=\"1500\" data-animation-delay=\"500\">\n                  <div class=\"u-container-layout u-container-layout-6\">\n                    <h5 class=\"u-align-center-md u-align-center-sm u-align-center-xs u-text u-text-palette-1-base u-text-3\">Ramona Hertl<\/h5>\n                  <\/div>\n                <\/div>\n              <\/div>\n            <\/div>\n            <div class=\"u-container-align-center u-container-style u-list-item u-repeater-item u-video-cover u-white u-list-item-4\" data-animation-name=\"customAnimationIn\" data-animation-duration=\"1500\" data-animation-delay=\"500\">\n              <div class=\"u-container-layout u-similar-container u-valign-bottom-lg u-container-layout-7\">\n                <img decoding=\"async\" alt=\"\" class=\"u-expanded-width u-image u-image-default u-image-4\" data-image-width=\"960\" data-image-height=\"640\" src=\"https:\/\/zahnarztpraxis-miller.de\/wp-content\/uploads\/2021\/07\/IMG_0679.jpg\" data-animation-name=\"customAnimationIn\" data-animation-duration=\"1250\" data-animation-delay=\"500\">\n                <div class=\"u-align-center u-container-style u-group u-white u-group-4\" data-animation-direction=\"Up\" data-animation-name=\"customAnimationIn\" data-animation-duration=\"1500\" data-animation-delay=\"750\">\n                  <div class=\"u-container-layout u-container-layout-8\">\n                    <h5 class=\"u-align-center-md u-align-center-sm u-align-center-xs u-text u-text-palette-1-base u-text-4\">Monika F\u00f6rtsch<\/h5>\n                  <\/div>\n                <\/div>\n              <\/div>\n            <\/div>\n            <div class=\"u-container-align-center u-container-style u-list-item u-repeater-item u-video-cover u-white u-list-item-5\" data-animation-name=\"customAnimationIn\" data-animation-duration=\"1500\" data-animation-delay=\"500\">\n              <div class=\"u-container-layout u-similar-container u-valign-bottom-lg u-container-layout-9\">\n                <img decoding=\"async\" alt=\"\" class=\"u-expanded-width u-image u-image-default u-image-5\" data-image-width=\"960\" data-image-height=\"640\" src=\"https:\/\/zahnarztpraxis-miller.de\/wp-content\/uploads\/2021\/07\/IMG_0659.jpg\" data-animation-name=\"customAnimationIn\" data-animation-duration=\"1250\" data-animation-delay=\"500\">\n                <div class=\"u-align-center u-container-style u-group u-white u-group-5\" data-animation-name=\"customAnimationIn\" data-animation-duration=\"1500\" data-animation-delay=\"750\">\n                  <div class=\"u-container-layout u-container-layout-10\">\n                    <h5 class=\"u-align-center-md u-align-center-sm u-align-center-xs u-text u-text-palette-1-base u-text-5\">Fred Reichert<\/h5>\n                  <\/div>\n                <\/div>\n              <\/div>\n            <\/div>\n            <div class=\"u-container-align-center u-container-style u-list-item u-repeater-item u-video-cover u-white u-list-item-6\" data-animation-name=\"customAnimationIn\" data-animation-duration=\"1500\" data-animation-delay=\"500\">\n              <div class=\"u-container-layout u-similar-container u-valign-bottom-lg u-container-layout-11\">\n                <img decoding=\"async\" alt=\"\" class=\"u-expanded-width u-image u-image-default u-image-6\" data-image-width=\"900\" data-image-height=\"782\" src=\"https:\/\/zahnarztpraxis-miller.de\/wp-content\/uploads\/2025\/05\/MellanieBauer.webp\" data-animation-name=\"customAnimationIn\" data-animation-duration=\"1250\" data-animation-delay=\"500\">\n                <div class=\"u-align-center u-container-style u-group u-white u-group-6\" data-animation-direction=\"Up\" data-animation-name=\"customAnimationIn\" data-animation-duration=\"1500\" data-animation-delay=\"750\">\n                  <div class=\"u-container-layout u-container-layout-12\">\n                    <h5 class=\"u-align-center-md u-align-center-sm u-align-center-xs u-text u-text-palette-1-base u-text-6\">Melanie Bauer<\/h5>\n                  <\/div>\n                <\/div>\n              <\/div>\n            <\/div>\n          <\/div>\n        <\/div>\n      <\/div>\n    <\/section>\n    <section class=\"u-clearfix u-gradient u-section-5\" id=\"carousel_594e\">\n      <div class=\"u-clearfix u-sheet u-sheet-1\">\n        <div class=\"u-clearfix u-expanded-width-lg u-expanded-width-md u-expanded-width-xl u-gutter-10 u-layout-wrap u-layout-wrap-1\">\n          <div class=\"u-layout\" style=\"\">\n            <div class=\"u-layout-row\" style=\"\">\n              <div class=\"u-container-style u-layout-cell u-left-cell u-size-60 u-size-xs-60 u-layout-cell-1\" src=\"\">\n                <div class=\"u-container-layout u-valign-bottom-sm u-valign-bottom-xs u-valign-top-lg u-valign-top-md u-valign-top-xl u-container-layout-1\">\n                  <h2 class=\"u-align-center u-custom-font u-font-montserrat u-text u-text-palette-2-base u-text-1\">Historie<\/h2>\n                  <p class=\"u-align-center u-custom-font u-font-montserrat u-text u-text-palette-2-base u-text-2\">&nbsp;Die Praxis im Laufe der Jahre... <br> Die Praxis wurde im Jahr 1983 von Dr. Andreas Miller gegr\u00fcndet. 1987 kam das zahntechnische Labor dazu. Nach 20 Jahren in der Hauptstrasse wurde 2003, durch die Renovierung des historischen Schulgeb\u00e4udes neben der Kirche, der Umzug in gr\u00f6\u00dfere behindertengerechte R\u00e4umlichkeiten m\u00f6glich.\nAb 2008 wurde die Praxis gemeinschaftlich von Dr. Andreas Miller und Sohn Dr. Ludwig Miller gef\u00fchrt. 2018 verabschiedete sich Dr. Andreas Miller in den Ruhestand. Seitdem praktiziert Dr. Ludwig Miller - unterst\u00fctzt durch ein hervoragendes Team - alleine in der Praxis. <br> Von Anfang an aufgeschlossen gegen\u00fcber innovativen Methoden wurden bereits 1992 die ersten Implantate in der Praxis gesetzt und prothetisch versorgt. 2005 hielt die elektronisch gest\u00fctzte Zahnheilkunde Einzug in den Praxisalltag mit der Anschaffung eines Cerec-Ger\u00e4tes. Damit ist es in vielen F\u00e4llen m\u00f6glich Keramikinlays und Keramikteilkronen ohne Abdrucknahme herzustellen: Der zu versorgende Zahn wird mittels einer Kamera abgetastet. Anschlie\u00dfend fr\u00e4st eine CAD-Einheit das passende Teil aus Keramik, welches den defekten Zahn wieder komplettiert. Seit 2020 werden nur noch digitale R\u00f6ntgenbilder angefertigt. Das spart dem Patienten unn\u00f6tige Strahlenbelastung, erleichtert Bildspeicherung und Weitergabe und schont die Umwelt.&nbsp; \n                  <\/p>\n                <\/div>\n              <\/div>\n            <\/div>\n          <\/div>\n        <\/div>\n      <\/div>\n    <\/section>\n    <section class=\"u-clearfix u-gradient u-section-6\" id=\"sec-9488\">\n      <div class=\"u-clearfix u-sheet u-valign-middle-lg u-valign-middle-md u-valign-middle-sm u-valign-middle-xs u-sheet-1\">\n        <img decoding=\"async\" class=\"u-expanded-width u-image u-image-1\" src=\"https:\/\/zahnarztpraxis-miller.de\/wp-content\/uploads\/2021\/09\/IMG_1086-1.webp\" data-image-width=\"581\" data-image-height=\"555\">\n      <\/div>\n    <\/section>\n    \n    \n  \n","protected":false},"excerpt":{"rendered":"<p>Wir \u00fcber uns Wir wollen Ihnen nicht nur eine gute zahnmedizinische Versorgung erm\u00f6glichen, Sie sollen sich auch bei uns rundum wohl und sicher f\u00fchlen.Deswegen nehmen wir uns gerne Zeit f\u00fcr Ihre Behandlung, Ihre Fragen und eine umfassende Beratung\u200b. Unser Praxisteam Ihr Zahnarzt Dr. Ludwig Miller Doreen Brendle Kathrin Dietz Ramona Hertl Monika F\u00f6rtsch Fred Reichert &hellip; <a href=\"https:\/\/zahnarztpraxis-miller.de\/index.php\/ueber-uns\/\" class=\"more-link\">Continue reading<span class=\"screen-reader-text\"> &#8222;Wir \u00fcber Uns&#8220;<\/span><\/a><\/p>\n","protected":false},"author":1,"featured_media":0,"parent":0,"menu_order":2,"comment_status":"closed","ping_status":"closed","template":"","meta":{"footnotes":""},"class_list":["post-262","page","type-page","status-publish","hentry"],"_links":{"self":[{"href":"https:\/\/zahnarztpraxis-miller.de\/index.php\/wp-json\/wp\/v2\/pages\/262","targetHints":{"allow":["GET"]}}],"collection":[{"href":"https:\/\/zahnarztpraxis-miller.de\/index.php\/wp-json\/wp\/v2\/pages"}],"about":[{"href":"https:\/\/zahnarztpraxis-miller.de\/index.php\/wp-json\/wp\/v2\/types\/page"}],"author":[{"embeddable":true,"href":"https:\/\/zahnarztpraxis-miller.de\/index.php\/wp-json\/wp\/v2\/users\/1"}],"replies":[{"embeddable":true,"href":"https:\/\/zahnarztpraxis-miller.de\/index.php\/wp-json\/wp\/v2\/comments?post=262"}],"version-history":[{"count":21,"href":"https:\/\/zahnarztpraxis-miller.de\/index.php\/wp-json\/wp\/v2\/pages\/262\/revisions"}],"predecessor-version":[{"id":628,"href":"https:\/\/zahnarztpraxis-miller.de\/index.php\/wp-json\/wp\/v2\/pages\/262\/revisions\/628"}],"wp:attachment":[{"href":"https:\/\/zahnarztpraxis-miller.de\/index.php\/wp-json\/wp\/v2\/media?parent=262"}],"curies":[{"name":"wp","href":"https:\/\/api.w.org\/{rel}","templated":true}]}}