{"id":263,"date":"2021-07-20T20:26:19","date_gmt":"2021-07-20T20:26:19","guid":{"rendered":"https:\/\/dentist.appdish.de\/index.php\/impressum-4\/"},"modified":"2025-05-20T09:49:02","modified_gmt":"2025-05-20T09:49:02","slug":"impressum","status":"publish","type":"page","link":"https:\/\/zahnarztpraxis-miller.de\/index.php\/impressum\/","title":{"rendered":"Impressum"},"content":{"rendered":"\n    \n    <section class=\"u-clearfix u-grey-5 u-section-2\" id=\"sec-b97e\">\n      <div class=\"u-clearfix u-sheet u-sheet-1\">\n        <h3 class=\"u-align-left u-custom-font u-font-montserrat u-text u-text-palette-2-base u-text-1\">Impressum<\/h3>\n        <p class=\"u-text u-text-palette-2-base u-text-2\"><b>Verantwortlicher f\u00fcr den Inhalt dieser Internetseite:<\/b>\n          <br>\n          <br>Dr. Ludwig Miller<br>Stra\u00dfe zur Ehrenb\u00fcrg 1<br>91356 Kirchehrenbach<br>Telefon: 09191\/9 61 71<br>E-Mail:&nbsp;<a href=\"mailto:info@zahnarztpraxis-miller.de\" class=\"u-active-none u-border-none u-btn u-button-style u-hover-none u-none u-text-palette-1-base u-btn-1\">info@zahnarztpraxis-miller.de<\/a>\n          <br>\n          <br><b>Bitte haben Sie Verst\u00e4ndnis daf\u00fcr, dass Terminvereinbarungen nur telefonisch<br>m\u00f6glich sind!<\/b>\n          <br>\n          <br>Berufsbezeichnung: Zahnarzt<br>Der Doktortitel wurde in der Bundesrepublik Deutschland erworben<br>Berufsbezeichnung verleihender Staat: Bundesrepublik Deutschland (<a href=\"http:\/\/www.blzk.de\/\" class=\"u-active-none u-border-none u-btn u-button-style u-hover-none u-none u-text-palette-1-base u-btn-2\">www.blzk.de<\/a>)<br>\n          <br><b>Zust\u00e4ndige Aufsichtsbeh\u00f6rde<\/b>\n          <br>(approbationsrechtlich \/ zust\u00e4ndige Bezirksregierung):<br>\n          <a href=\"http:\/\/www.regierung.unterfranken.bayern.de\/\" target=\"_blank\" class=\"u-active-none u-border-none u-btn u-button-style u-hover-none u-none u-text-palette-1-base u-btn-3\">Regierung von Unterfranken<\/a>, Peterplatz 9, 97070 W\u00fcrzburg<br>Kassenzahn\u00e4rztliche Vereinigung Bayerns, Fallstra\u00dfe 34, 81369 M\u00fcnchen<br>\n          <br><b>Zust\u00e4ndige Kammer:<\/b>\n          <br>Bayerische Landeszahn\u00e4rztekammer, Fl\u00f6\u00dfergasse 1, 81369 M\u00fcnchen&nbsp;<a href=\"http:\/\/www.blzk.de\/\" target=\"_blank\" class=\"u-active-none u-border-none u-btn u-button-style u-hover-none u-none u-text-palette-1-base u-btn-4\">(www.blzk.de)<\/a>\n          <br>\n          <br><b>Berufsrechtliche Regelungen:<\/b>\n          <br>- Berufsordnung f\u00fcr Zahn\u00e4rzte<br>- Zahnheilkundegesetz<br>- Heilberufe-Kammergesetz<br>- Geb\u00fchrenordnung f\u00fcr Zahn\u00e4rzte<br>- Die Regelungen sind auf der Internetseite der Zahn\u00e4rztekammer&nbsp;<a href=\"http:\/\/www.blzk.de\/\" target=\"_blank\" class=\"u-active-none u-border-none u-btn u-button-style u-hover-none u-none u-text-palette-1-base u-btn-5\">(www.blzk.de)<\/a>&nbsp;einzusehen.<br>\n          <br>Zahn\u00e4rztlicher Bezirksverband Oberfranken (<a href=\"http:\/\/www.zbv-oberfranken.de\/\" target=\"_blank\" class=\"u-active-none u-border-none u-btn u-button-style u-hover-none u-none u-text-palette-1-base u-btn-6\">www.zbv-oberfranken.de<\/a>)<br>Vertragszahn\u00e4rztliche T\u00e4tigkeit:&nbsp;<a href=\"http:\/\/www.zob.de\/\" target=\"_blank\" class=\"u-active-none u-border-none u-btn u-button-style u-hover-none u-none u-text-palette-1-base u-btn-7\">www.zob.de<\/a>\n          <br>\n          <br><b>Haftungshinweis:<\/b>&nbsp;<br>Trotz sorgf\u00e4ltiger inhaltlicher Kontrolle \u00fcbernehmen wir keine Haftung f\u00fcr die Inhalte externer Links. F\u00fcr den Inhalt der verlinkten Seiten sind ausschlie\u00dflich deren Betreiber verantwortlich.<br>\n          <br>\n        <\/p>\n      <\/div>\n    <\/section>\n    \n    \n  \n","protected":false},"excerpt":{"rendered":"<p>Impressum Verantwortlicher f\u00fcr den Inhalt dieser Internetseite: Dr. Ludwig MillerStra\u00dfe zur Ehrenb\u00fcrg 191356 KirchehrenbachTelefon: 09191\/9 61 71E-Mail:&nbsp;info@zahnarztpraxis-miller.de Bitte haben Sie Verst\u00e4ndnis daf\u00fcr, dass Terminvereinbarungen nur telefonischm\u00f6glich sind! Berufsbezeichnung: ZahnarztDer Doktortitel wurde in der Bundesrepublik Deutschland erworbenBerufsbezeichnung verleihender Staat: Bundesrepublik Deutschland (www.blzk.de) Zust\u00e4ndige Aufsichtsbeh\u00f6rde (approbationsrechtlich \/ zust\u00e4ndige Bezirksregierung): Regierung von Unterfranken, Peterplatz 9, 97070 W\u00fcrzburgKassenzahn\u00e4rztliche Vereinigung &hellip; <a href=\"https:\/\/zahnarztpraxis-miller.de\/index.php\/impressum\/\" class=\"more-link\">Continue reading<span class=\"screen-reader-text\"> &#8222;Impressum&#8220;<\/span><\/a><\/p>\n","protected":false},"author":1,"featured_media":0,"parent":0,"menu_order":3,"comment_status":"closed","ping_status":"closed","template":"","meta":{"footnotes":""},"class_list":["post-263","page","type-page","status-publish","hentry"],"_links":{"self":[{"href":"https:\/\/zahnarztpraxis-miller.de\/index.php\/wp-json\/wp\/v2\/pages\/263","targetHints":{"allow":["GET"]}}],"collection":[{"href":"https:\/\/zahnarztpraxis-miller.de\/index.php\/wp-json\/wp\/v2\/pages"}],"about":[{"href":"https:\/\/zahnarztpraxis-miller.de\/index.php\/wp-json\/wp\/v2\/types\/page"}],"author":[{"embeddable":true,"href":"https:\/\/zahnarztpraxis-miller.de\/index.php\/wp-json\/wp\/v2\/users\/1"}],"replies":[{"embeddable":true,"href":"https:\/\/zahnarztpraxis-miller.de\/index.php\/wp-json\/wp\/v2\/comments?post=263"}],"version-history":[{"count":2,"href":"https:\/\/zahnarztpraxis-miller.de\/index.php\/wp-json\/wp\/v2\/pages\/263\/revisions"}],"predecessor-version":[{"id":598,"href":"https:\/\/zahnarztpraxis-miller.de\/index.php\/wp-json\/wp\/v2\/pages\/263\/revisions\/598"}],"wp:attachment":[{"href":"https:\/\/zahnarztpraxis-miller.de\/index.php\/wp-json\/wp\/v2\/media?parent=263"}],"curies":[{"name":"wp","href":"https:\/\/api.w.org\/{rel}","templated":true}]}}