{"id":266,"date":"2021-07-20T20:26:22","date_gmt":"2021-07-20T20:26:22","guid":{"rendered":"https:\/\/dentist.appdish.de\/index.php\/kontakt-4\/"},"modified":"2024-09-12T18:35:49","modified_gmt":"2024-09-12T18:35:49","slug":"kontakt","status":"publish","type":"page","link":"https:\/\/zahnarztpraxis-miller.de\/index.php\/kontakt\/","title":{"rendered":"Kontakt"},"content":{"rendered":"\n    \n    <section class=\"u-clearfix u-grey-light-2 u-typography-custom-page-typography-12--Map u-section-2\" id=\"sec-a524\">\n      <div class=\"u-expanded u-grey-light-2 u-map\">\n        <div class=\"embed-responsive\">\n          <iframe class=\"embed-responsive-item\" src=\"\/\/maps.google.com\/maps?output=embed&amp;q=Manhattan&amp;t=m\" data-map=\"JTdCJTIycG9zaXRpb25UeXBlJTIyJTNBJTIybWFwLWFkZHJlc3MlMjIlMkMlMjJhZGRyZXNzJTIyJTNBJTIyTWFuaGF0dGFuJTIyJTJDJTIyem9vbSUyMiUzQW51bGwlMkMlMjJ0eXBlSWQlMjIlM0ElMjJyb2FkJTIyJTJDJTIybGFuZyUyMiUzQW51bGwlMkMlMjJhcGlLZXklMjIlM0FudWxsJTJDJTIybWFya2VycyUyMiUzQSU1QiU1RCU3RA==\"><\/iframe>\n        <\/div>\n      <\/div>\n    <\/section>\n    <section class=\"u-clearfix u-gradient u-section-3\" id=\"sec-8d07\">\n      <div class=\"u-clearfix u-sheet u-sheet-1\">\n        <h1 class=\"u-align-center u-custom-font u-font-montserrat u-text u-text-1\">So erreichen Sie uns:<\/h1>\n        <div class=\"u-clearfix u-expanded-width u-layout-wrap u-layout-wrap-1\">\n          <div class=\"u-layout\">\n            <div class=\"u-layout-col\">\n              <div class=\"u-size-30\">\n                <div class=\"u-layout-row\">\n                  <div class=\"u-align-center u-container-style u-layout-cell u-size-20-lg u-size-20-xl u-size-21-md u-size-21-sm u-size-21-xs u-layout-cell-1\">\n                    <div class=\"u-container-layout u-container-layout-1\"><span class=\"u-align-center u-icon u-icon-circle u-text-palette-1-base u-icon-1\"><svg class=\"u-svg-link\" preserveAspectRatio=\"xMidYMin slice\" viewBox=\"0 0 512 512\" style=\"\"><use xlink:href=\"#svg-fb01\"><\/use><\/svg><svg id=\"svg-fb01\" x=\"0px\" y=\"0px\" viewBox=\"0 0 512 512\" style=\"enable-background:new 0 0 512 512;\" class=\"u-svg-content\"><g><g><path d=\"M256,0C153.755,0,70.573,83.182,70.573,185.426c0,126.888,165.939,313.167,173.004,321.035    c6.636,7.391,18.222,7.378,24.846,0c7.065-7.868,173.004-194.147,173.004-321.035C441.425,83.182,358.244,0,256,0z M256,278.719    c-51.442,0-93.292-41.851-93.292-93.293S204.559,92.134,256,92.134s93.291,41.851,93.291,93.293S307.441,278.719,256,278.719z\"><\/path>\n<\/g>\n<\/g><g><\/g><g><\/g><g><\/g><g><\/g><g><\/g><g><\/g><g><\/g><g><\/g><g><\/g><g><\/g><g><\/g><g><\/g><g><\/g><g><\/g><g><\/g><\/svg><\/span>\n                      <h6 class=\"u-custom-font u-font-montserrat u-text u-text-2\">Zahnarztpraxis<\/h6>\n                      <p class=\"u-custom-font u-font-montserrat u-text u-text-3\">Dr. Ludwig Miller<br>Stra\u00dfe zur Ehrenb\u00fcrg 1<br>91356 Kirchehrenbach\n                      <\/p>\n                    <\/div>\n                  <\/div>\n                  <div class=\"u-align-center u-container-style u-layout-cell u-size-17-md u-size-17-sm u-size-17-xs u-size-20-lg u-size-20-xl u-layout-cell-2\">\n                    <div class=\"u-container-layout u-valign-top u-container-layout-2\"><span class=\"u-icon u-icon-circle u-text-palette-1-base u-icon-2\"><svg class=\"u-svg-link\" preserveAspectRatio=\"xMidYMin slice\" viewBox=\"0 0 384 384\" style=\"\"><use xlink:href=\"#svg-cd86\"><\/use><\/svg><svg id=\"svg-cd86\" x=\"0px\" y=\"0px\" viewBox=\"0 0 384 384\" style=\"enable-background:new 0 0 384 384;\" class=\"u-svg-content\"><g><g><path d=\"M353.188,252.052c-23.51,0-46.594-3.677-68.469-10.906c-10.719-3.656-23.896-0.302-30.438,6.417l-43.177,32.594    c-50.073-26.729-80.917-57.563-107.281-107.26l31.635-42.052c8.219-8.208,11.167-20.198,7.635-31.448    c-7.26-21.99-10.948-45.063-10.948-68.583C132.146,13.823,118.323,0,101.333,0H30.813C13.823,0,0,13.823,0,30.813    C0,225.563,158.438,384,353.188,384c16.99,0,30.813-13.823,30.813-30.813v-70.323C384,265.875,370.177,252.052,353.188,252.052z\"><\/path>\n<\/g>\n<\/g><g><\/g><g><\/g><g><\/g><g><\/g><g><\/g><g><\/g><g><\/g><g><\/g><g><\/g><g><\/g><g><\/g><g><\/g><g><\/g><g><\/g><g><\/g><\/svg><\/span>\n                      <h6 class=\"u-custom-font u-font-montserrat u-text u-text-4\">Telefon<\/h6>\n                      <p class=\"u-custom-font u-font-montserrat u-text u-text-5\">\n                        <a href=\"tel:49919196171\" class=\"u-active-none u-border-none u-btn u-button-link u-button-style u-hover-none u-none u-text-active-palette-1-base u-text-hover-palette-1-base u-text-palette-2-dark-2 u-btn-1\">09191 - 96171<\/a>\n                      <\/p>\n                    <\/div>\n                  <\/div>\n                  <div class=\"u-align-center u-container-style u-layout-cell u-size-20-lg u-size-20-xl u-size-22-md u-size-22-sm u-size-22-xs u-layout-cell-3\">\n                    <div class=\"u-container-layout u-valign-top u-container-layout-3\"><span class=\"u-icon u-icon-circle u-text-palette-1-base u-icon-3\"><svg class=\"u-svg-link\" preserveAspectRatio=\"xMidYMin slice\" viewBox=\"0 0 512 512\" style=\"\"><use xlink:href=\"#svg-d2c4\"><\/use><\/svg><svg id=\"svg-d2c4\" x=\"0px\" y=\"0px\" viewBox=\"0 0 512 512\" style=\"enable-background:new 0 0 512 512;\" class=\"u-svg-content\"><g><g><path d=\"M467,61H45c-6.927,0-13.412,1.703-19.279,4.51L255,294.789l51.389-49.387c0,0,0.004-0.005,0.005-0.007    c0.001-0.002,0.005-0.004,0.005-0.004L486.286,65.514C480.418,62.705,473.929,61,467,61z\"><\/path>\n<\/g>\n<\/g><g><g><path d=\"M507.496,86.728L338.213,256.002L507.49,425.279c2.807-5.867,4.51-12.352,4.51-19.279V106    C512,99.077,510.301,92.593,507.496,86.728z\"><\/path>\n<\/g>\n<\/g><g><g><path d=\"M4.51,86.721C1.703,92.588,0,99.073,0,106v300c0,6.923,1.701,13.409,4.506,19.274L173.789,256L4.51,86.721z\"><\/path>\n<\/g>\n<\/g><g><g><path d=\"M317.002,277.213l-51.396,49.393c-2.93,2.93-6.768,4.395-10.605,4.395s-7.676-1.465-10.605-4.395L195,277.211    L25.714,446.486C31.582,449.295,38.071,451,45,451h422c6.927,0,13.412-1.703,19.279-4.51L317.002,277.213z\"><\/path>\n<\/g>\n<\/g><g><\/g><g><\/g><g><\/g><g><\/g><g><\/g><g><\/g><g><\/g><g><\/g><g><\/g><g><\/g><g><\/g><g><\/g><g><\/g><g><\/g><g><\/g><\/svg><\/span>\n                      <h6 class=\"u-custom-font u-font-montserrat u-text u-text-6\">E-mail<\/h6>\n                      <p class=\"u-custom-font u-font-montserrat u-text u-text-7\">\n                        <a class=\"u-active-none u-border-none u-btn u-button-link u-button-style u-hover-none u-none u-text-active-palette-1-base u-text-hover-palette-1-base u-text-palette-2-dark-2 u-btn-2\" href=\"mailto:info@zahnarztpraxis-miller.de?subject=Nachricht von Kontaktformular Webseite\">info@zahnarztpraxis-miller.de<\/a>\n                      <\/p>\n                    <\/div>\n                  <\/div>\n                <\/div>\n              <\/div>\n              <div class=\"u-size-30\">\n                <div class=\"u-layout-row\">\n                  <div class=\"u-container-style u-layout-cell u-size-30 u-layout-cell-4\">\n                    <div class=\"u-container-layout u-container-layout-4\">\n                      <div class=\"u-expanded u-grey-light-2 u-map\">\n                        <div class=\"embed-responsive\">\n                          <iframe class=\"embed-responsive-item\" src=\"\/\/maps.google.com\/maps?output=embed&amp;q=Stra%C3%9Fe%20zur%20Ehrenb%C3%BCrg%201%2C%2091356%20Kirchehrenbach&amp;z=10&amp;t=m\" data-map=\"JTdCJTIyYWRkcmVzcyUyMiUzQSUyMlN0cmElQzMlOUZlJTIwenVyJTIwRWhyZW5iJUMzJUJDcmclMjAxJTJDJTIwOTEzNTYlMjBLaXJjaGVocmVuYmFjaCUyMiUyQyUyMnpvb20lMjIlM0ExMCUyQyUyMnR5cGVJZCUyMiUzQSUyMnJvYWQlMjIlMkMlMjJsYW5nJTIyJTNBJTIyJTIyJTdE\"><\/iframe>\n                        <\/div>\n                      <\/div>\n                    <\/div>\n                  <\/div>\n                  <div class=\"u-align-center u-container-style u-layout-cell u-size-30 u-layout-cell-5\">\n                    <div class=\"u-container-layout u-valign-bottom u-container-layout-5\">\n                      <h2 class=\"u-custom-font u-font-montserrat u-text u-text-palette-2-dark-2 u-text-8\">\u00d6ffnungszeiten<\/h2>\n                      <p class=\"u-custom-font u-font-montserrat u-text u-text-palette-2-dark-2 u-text-9\">Mo: 08:00 - 12:00 Uhr | 14:00 - 18:00 Uhr<br>Di:&nbsp; &nbsp;08:00 - 12:00 Uhr | 15:00 - 19:00 Uhr<br>Mi:&nbsp; 08:00 - 12:00 Uhr<br>Do: 08:00 - 12:00 Uhr | 15:00 - 19:00 Uhr<br>Fr:&nbsp; &nbsp;08:00 - 12:00 Uhr<br>\n                        <br>Parkpl\u00e4tze vor dem Haus<br>Ebenerdiger Eingang f\u00fcr Rollst\u00fchle \n                      <\/p>\n                    <\/div>\n                  <\/div>\n                <\/div>\n              <\/div>\n            <\/div>\n          <\/div>\n        <\/div>\n      <\/div>\n    <\/section>\n    <section class=\"u-clearfix u-gradient u-section-4\" id=\"sec-1083\">\n      <div class=\"u-clearfix u-sheet u-sheet-1\">\n        <div class=\"u-clearfix u-layout-wrap u-layout-wrap-1\">\n          <div class=\"u-gutter-0 u-layout\">\n            <div class=\"u-layout-row\">\n              <div class=\"u-container-style u-layout-cell u-size-60 u-layout-cell-1\">\n                <div class=\"u-container-layout u-container-layout-1\">\n                  <h2 class=\"u-align-center u-custom-font u-font-montserrat u-text u-text-custom-color-6 u-text-1\">Zahn\u00e4rztlicher Notdienst<\/h2>\n                  <p class=\"u-align-center u-custom-font u-font-montserrat u-text u-text-2\">Sollten Sie au\u00dferhalb unserer \u00d6ffnungszeiten zahn\u00e4rztliche Hilfe ben\u00f6tigen, wenden Sie sich bitte an den Zahn\u00e4rztlichen Notdienst Bayern unter:<br>\n                    <a href=\"http:\/\/www.notdienst-zahn.de\/\" target=\"_blank\" class=\"u-active-none u-border-none u-btn u-button-style u-hover-none u-none u-text-palette-1-base u-btn-1\">www.notdienst-zahn.de<\/a>\n                    <br>oder<br>Telefon: <a href=\"tel:49921761647\" class=\"u-active-none u-border-none u-btn u-button-link u-button-style u-hover-none u-none u-text-active-palette-1-base u-text-hover-palette-1-base u-text-palette-2-dark-2 u-btn-2\">0921 - 761647<\/a>\n                    <br>\n                  <\/p>\n                <\/div>\n              <\/div>\n            <\/div>\n          <\/div>\n        <\/div>\n      <\/div>\n    <\/section>\n    \n    \n  \n","protected":false},"excerpt":{"rendered":"<p>So erreichen Sie uns: Zahnarztpraxis Dr. Ludwig MillerStra\u00dfe zur Ehrenb\u00fcrg 191356 Kirchehrenbach Telefon 09191 &#8211; 96171 E-mail info@zahnarztpraxis-miller.de \u00d6ffnungszeiten Mo: 08:00 &#8211; 12:00 Uhr | 14:00 &#8211; 18:00 UhrDi:&nbsp; &nbsp;08:00 &#8211; 12:00 Uhr | 15:00 &#8211; 19:00 UhrMi:&nbsp; 08:00 &#8211; 12:00 UhrDo: 08:00 &#8211; 12:00 Uhr | 15:00 &#8211; 19:00 UhrFr:&nbsp; &nbsp;08:00 &#8211; 12:00 Uhr &hellip; <a href=\"https:\/\/zahnarztpraxis-miller.de\/index.php\/kontakt\/\" class=\"more-link\">Continue reading<span class=\"screen-reader-text\"> &#8222;Kontakt&#8220;<\/span><\/a><\/p>\n","protected":false},"author":1,"featured_media":0,"parent":0,"menu_order":6,"comment_status":"closed","ping_status":"closed","template":"","meta":{"footnotes":""},"class_list":["post-266","page","type-page","status-publish","hentry"],"_links":{"self":[{"href":"https:\/\/zahnarztpraxis-miller.de\/index.php\/wp-json\/wp\/v2\/pages\/266","targetHints":{"allow":["GET"]}}],"collection":[{"href":"https:\/\/zahnarztpraxis-miller.de\/index.php\/wp-json\/wp\/v2\/pages"}],"about":[{"href":"https:\/\/zahnarztpraxis-miller.de\/index.php\/wp-json\/wp\/v2\/types\/page"}],"author":[{"embeddable":true,"href":"https:\/\/zahnarztpraxis-miller.de\/index.php\/wp-json\/wp\/v2\/users\/1"}],"replies":[{"embeddable":true,"href":"https:\/\/zahnarztpraxis-miller.de\/index.php\/wp-json\/wp\/v2\/comments?post=266"}],"version-history":[{"count":13,"href":"https:\/\/zahnarztpraxis-miller.de\/index.php\/wp-json\/wp\/v2\/pages\/266\/revisions"}],"predecessor-version":[{"id":597,"href":"https:\/\/zahnarztpraxis-miller.de\/index.php\/wp-json\/wp\/v2\/pages\/266\/revisions\/597"}],"wp:attachment":[{"href":"https:\/\/zahnarztpraxis-miller.de\/index.php\/wp-json\/wp\/v2\/media?parent=266"}],"curies":[{"name":"wp","href":"https:\/\/api.w.org\/{rel}","templated":true}]}}