{"id":571,"date":"2023-06-24T09:11:16","date_gmt":"2023-06-24T09:11:16","guid":{"rendered":"https:\/\/zahnarzt-miller.de\/?page_id=571"},"modified":"2025-11-10T13:50:37","modified_gmt":"2025-11-10T13:50:37","slug":"startseite-2","status":"publish","type":"page","link":"https:\/\/zahnarztpraxis-miller.de\/","title":{"rendered":"Startseite"},"content":{"rendered":"\n    \n    <section class=\"u-align-center u-clearfix u-gradient u-section-2\" id=\"carousel_aded\">\n      <div class=\"u-align-left u-clearfix u-sheet u-sheet-1\">\n        <div class=\"u-clearfix u-expanded-width u-gutter-20 u-layout-wrap u-layout-wrap-1\">\n          <div class=\"u-gutter-0 u-layout\">\n            <div class=\"u-layout-row\">\n              <div class=\"u-container-style u-layout-cell u-size-60 u-layout-cell-1\">\n                <div class=\"u-container-layout u-container-layout-1\">\n                  <h1 class=\"u-align-center u-custom-font u-font-montserrat u-text u-text-palette-2-base u-text-1\">Herzlich Willkomme\u200bn\u200b\u200b\u200b bei Dr. Ludwig Miller <\/h1>\n                  <div class=\"u-image u-image-circle u-preserve-proportions u-image-1\" alt=\"\" data-image-width=\"1080\" data-image-height=\"1080\" data-animation-name=\"zoomIn\" data-animation-duration=\"1000\" data-animation-delay=\"0\" data-animation-direction=\"\"><\/div>\n                  <p class=\"u-align-center u-custom-font u-font-montserrat u-text u-text-palette-2-base u-text-2\">Ihr Zahnarzt in Kirchehrenbach am Fu\u00dfe des Walberlas<\/p>\n                <\/div>\n              <\/div>\n            <\/div>\n          <\/div>\n        <\/div>\n        <div class=\"u-align-center u-carousel u-carousel-duration-750 u-expanded-width-lg u-expanded-width-md u-expanded-width-sm u-expanded-width-xs u-gallery u-layout-carousel u-lightbox u-no-transition u-show-text-none u-gallery-1\" data-interval=\"4500\" data-u-ride=\"carousel\" id=\"carousel-3533\">\n          <ol class=\"u-absolute-hcenter u-carousel-indicators u-carousel-indicators-1\">\n            <li data-u-target=\"#carousel-3533\" data-u-slide-to=\"0\" class=\"u-active u-grey-70 u-shape-circle\" style=\"width: 10px; height: 10px;\"><\/li>\n            <li data-u-target=\"#carousel-3533\" data-u-slide-to=\"1\" class=\"u-grey-70 u-shape-circle\" style=\"width: 10px; height: 10px;\"><\/li>\n            <li data-u-target=\"#carousel-3533\" data-u-slide-to=\"2\" class=\"u-grey-70 u-shape-circle\" style=\"width: 10px; height: 10px;\"><\/li>\n          <\/ol>\n          <div class=\"u-carousel-inner u-gallery-inner\" role=\"listbox\">\n            <div class=\"u-active u-carousel-item u-gallery-item u-carousel-item-1\">\n              <div class=\"u-back-slide\" data-image-width=\"1752\" data-image-height=\"1168\">\n                <img decoding=\"async\" class=\"u-back-image u-expanded u-back-image-1\" src=\"https:\/\/zahnarztpraxis-miller.de\/wp-content\/uploads\/2021\/10\/LuggiMiller.webp\">\n              <\/div>\n              <div class=\"u-over-slide u-over-slide-1\">\n                <h3 class=\"u-gallery-heading\"><\/h3>\n                <p class=\"u-gallery-text\"><\/p>\n              <\/div>\n            <\/div>\n            <div class=\"u-carousel-item u-gallery-item u-carousel-item-2\">\n              <div class=\"u-back-slide\" data-image-width=\"1450\" data-image-height=\"816\">\n                <img decoding=\"async\" class=\"u-back-image u-expanded\" src=\"https:\/\/images.nordbayern.de\/image\/contentid\/policy:1.10101435:1589367546\/image\/G20200513-125624_1293AA_img0.jpg?f=16%3A9&amp;h=816&amp;m=FIT&amp;w=1680&amp;$p$f$h$m$w=7a53800\">\n              <\/div>\n              <div class=\"u-over-slide u-over-slide-2\">\n                <h3 class=\"u-gallery-heading\"><\/h3>\n                <p class=\"u-gallery-text\"><\/p>\n              <\/div>\n            <\/div>\n            <div class=\"u-carousel-item u-gallery-item u-carousel-item-3\" data-image-width=\"720\" data-image-height=\"480\">\n              <div class=\"u-back-slide\" data-image-width=\"841\" data-image-height=\"666\">\n                <img decoding=\"async\" class=\"u-back-image u-expanded u-back-image-3\" src=\"https:\/\/zahnarztpraxis-miller.de\/wp-content\/uploads\/2021\/11\/IMG_0644.webp\">\n              <\/div>\n              <div class=\"u-over-slide u-over-slide-3\">\n                <h3 class=\"u-gallery-heading\"><\/h3>\n                <p class=\"u-gallery-text\"><\/p>\n              <\/div>\n              <style data-mode=\"XL\" data-visited=\"true\"><\/style>\n              <style data-mode=\"LG\" data-visited=\"true\"><\/style>\n              <style data-mode=\"MD\" data-visited=\"true\"><\/style>\n              <style data-mode=\"SM\" data-visited=\"true\"><\/style>\n              <style data-mode=\"XS\" data-visited=\"true\"><\/style>\n            <\/div>\n          <\/div>\n          <a class=\"u-absolute-vcenter u-carousel-control u-carousel-control-prev u-grey-70 u-hidden u-icon-circle u-opacity u-opacity-70 u-spacing-10 u-text-white u-carousel-control-1\" href=\"#carousel-3533\" role=\"button\" data-u-slide=\"prev\">\n            <span aria-hidden=\"true\">\n              <svg viewBox=\"0 0 451.847 451.847\"><path d=\"M97.141,225.92c0-8.095,3.091-16.192,9.259-22.366L300.689,9.27c12.359-12.359,32.397-12.359,44.751,0\nc12.354,12.354,12.354,32.388,0,44.748L173.525,225.92l171.903,171.909c12.354,12.354,12.354,32.391,0,44.744\nc-12.354,12.365-32.386,12.365-44.745,0l-194.29-194.281C100.226,242.115,97.141,234.018,97.141,225.92z\"><\/path><\/svg>\n            <\/span>\n            <span class=\"sr-only\">\n              <svg viewBox=\"0 0 451.847 451.847\"><path d=\"M97.141,225.92c0-8.095,3.091-16.192,9.259-22.366L300.689,9.27c12.359-12.359,32.397-12.359,44.751,0\nc12.354,12.354,12.354,32.388,0,44.748L173.525,225.92l171.903,171.909c12.354,12.354,12.354,32.391,0,44.744\nc-12.354,12.365-32.386,12.365-44.745,0l-194.29-194.281C100.226,242.115,97.141,234.018,97.141,225.92z\"><\/path><\/svg>\n            <\/span>\n          <\/a>\n          <a class=\"u-absolute-vcenter u-carousel-control u-carousel-control-next u-grey-70 u-hidden u-icon-circle u-opacity u-opacity-70 u-spacing-10 u-text-white u-carousel-control-2\" href=\"#carousel-3533\" role=\"button\" data-u-slide=\"next\">\n            <span aria-hidden=\"true\">\n              <svg viewBox=\"0 0 451.846 451.847\"><path d=\"M345.441,248.292L151.154,442.573c-12.359,12.365-32.397,12.365-44.75,0c-12.354-12.354-12.354-32.391,0-44.744\nL278.318,225.92L106.409,54.017c-12.354-12.359-12.354-32.394,0-44.748c12.354-12.359,32.391-12.359,44.75,0l194.287,194.284\nc6.177,6.18,9.262,14.271,9.262,22.366C354.708,234.018,351.617,242.115,345.441,248.292z\"><\/path><\/svg>\n            <\/span>\n            <span class=\"sr-only\">\n              <svg viewBox=\"0 0 451.846 451.847\"><path d=\"M345.441,248.292L151.154,442.573c-12.359,12.365-32.397,12.365-44.75,0c-12.354-12.354-12.354-32.391,0-44.744\nL278.318,225.92L106.409,54.017c-12.354-12.359-12.354-32.394,0-44.748c12.354-12.359,32.391-12.359,44.75,0l194.287,194.284\nc6.177,6.18,9.262,14.271,9.262,22.366C354.708,234.018,351.617,242.115,345.441,248.292z\"><\/path><\/svg>\n            <\/span>\n          <\/a>\n        <\/div>\n        <h2 class=\"u-align-center u-custom-font u-font-montserrat u-text u-text-palette-2-dark-2 u-text-3\">Herzlich Willkommen bei Ihrem Zahnarzt in Kirchehrenbach am Fu\u00dfe des Walberlas.<br>In angenehmen und fr\u00f6hlichem Ambiente bieten wir Ihnen Zahnmedizin auf dem neuesten Stand der Wissenschaft. Ob Prophylaxe, akute Behandlung oder \u00e4sthetische Zahnmedizin - mit unserem gut eingespielten <a href=\"https:\/\/zahnarztpraxis-miller.de\/index.php\/ueber-uns\/\" class=\"u-active-none u-border-2 u-border-palette-1-base u-btn u-button-link u-button-style u-hover-none u-none u-radius-0 u-text-palette-1-base u-btn-1\">Team<\/a> k\u00f6nnen unsere Patienten schnell wieder unbeschwert l\u00e4cheln.<br>Wir freuen uns auf Ihren Besuch! \n        <\/h2>\n      <\/div>\n    <\/section>\n    <section class=\"u-clearfix u-gradient u-section-3\" id=\"sec-b2ee\">\n      <div class=\"u-clearfix u-sheet u-sheet-1\">\n        <div class=\"u-clearfix u-expanded-width-lg u-expanded-width-xl u-expanded-width-xs u-gutter-50 u-layout-wrap u-layout-wrap-1\">\n          <div class=\"u-gutter-0 u-layout\">\n            <div class=\"u-layout-row\">\n              <div class=\"u-container-style u-layout-cell u-left-cell u-size-30-xl u-size-32-lg u-size-33-md u-size-33-sm u-size-33-xs u-layout-cell-1\">\n                <div class=\"u-container-layout u-container-layout-1\">\n                  <h2 class=\"u-align-center u-custom-font u-font-montserrat u-text u-text-palette-2-dark-2 u-text-1\">\u00d6ffnungszeiten<\/h2>\n                  <p class=\"u-align-center u-custom-font u-font-montserrat u-text u-text-2\">\n                    <br>Mo: 08:00 - 12:00 Uhr | 14:00 \u200b- 18:00 Uhr<br>Di:&nbsp; &nbsp;08:00 - 12:00 Uhr | 15:00 - 19:00 Uhr<br>Mi:&nbsp; 08:00 - 12:00 Uhr<br>Do: 08:00 - 12:00 Uhr | 15:00 - 19:00 Uhr<br>Fr:&nbsp; &nbsp;08:00 - 12:00 Uhr<br>\n                    <br>Parkpl\u00e4tze vor dem Haus<br>Ebenerdiger Eingang f\u00fcr Rollst\u00fchle \n                  <\/p>\n                <\/div>\n              <\/div>\n              <div class=\"u-align-center u-container-style u-layout-cell u-right-cell u-size-27-md u-size-27-sm u-size-27-xs u-size-28-lg u-size-30-xl u-layout-cell-2\">\n                <div class=\"u-container-layout u-valign-top-lg u-valign-top-xl u-container-layout-2\">\n                  <h2 class=\"u-custom-font u-font-montserrat u-text u-text-palette-2-dark-2 u-text-3\">Zahnarztpraxis&nbsp;Dr. Miller<\/h2>\n                  <p class=\"u-custom-font u-font-montserrat u-text u-text-4\">Stra\u00dfe zur Ehrenb\u00fcrg 1<br>91356 Kirchehrenbach<br>Telefon: <a href=\"tel:49919196171\" class=\"u-active-none u-border-none u-btn u-button-link u-button-style u-hover-none u-none u-text-active-palette-1-base u-text-black u-text-hover-palette-1-base u-btn-1\">09191\/96171<\/a>\n                    <br>E-Mail: <a href=\"mailto:info@zahnarztpraxis-miller.de\" class=\"u-active-none u-border-none u-btn u-button-link u-button-style u-hover-none u-none u-text-active-palette-1-base u-text-black u-text-hover-palette-1-base u-btn-2\">info@zahnarztpraxis-miller.de<\/a>\n                    <br>\n                    <br>Termine nach Vereinbarung<br>\n                  <\/p>\n                <\/div>\n              <\/div>\n            <\/div>\n          <\/div>\n        <\/div>\n      <\/div>\n    <\/section>\n    <section class=\"u-align-center u-clearfix u-grey-10 u-section-4\" src=\"\" id=\"sec-9c85\">\n      <div class=\"u-align-center u-clearfix u-image u-shading u-sheet u-image-1\" data-image-width=\"960\" data-image-height=\"640\">\n        <h2 class=\"u-custom-font u-font-montserrat u-text u-text-1\">Sind Sie zum ersten Mal in unserer Praxis?<\/h2>\n        <p class=\"u-custom-font u-font-montserrat u-text u-text-2\">Dann ben\u00f6tigen wir diesen Anamnesebogen von Ihnen. Sie k\u00f6nnen <a href=\"https:\/\/zahnarztpraxis-miller.de\/wp-content\/uploads\/2022\/02\/2022_02_Anamnesebogen.pdf\" class=\"u-active-none u-border-none u-btn u-button-link u-button-style u-file-link u-hover-none u-none u-text-palette-1-base u-btn-1\" target=\"_blank\">hier <\/a>schon ganz bequem herunterladen und ausgef\u00fcllt zu Ihrem ersten Termin mitbringen.&nbsp;<br>Wenn Sie m\u00f6chten, k\u00f6nnen Sie diesen aber auch erst bei uns in den Praxisr\u00e4umen ausf\u00fcllen.\n        <\/p>\n        <a href=\"https:\/\/zahnarztpraxis-miller.de\/wp-content\/uploads\/2022\/02\/2022_02_Anamnesebogen.pdf\" class=\"u-border-none u-btn u-btn-round u-button-style u-file-link u-hover-palette-1-light-1 u-palette-2-light-2 u-radius-50 u-text-black u-text-hover-white u-btn-2\" target=\"_blank\">Anamnesebogen<\/a>\n      <\/div>\n    <\/section>\n    <section class=\"u-clearfix u-gradient u-hidden u-section-5\" id=\"sec-ac0f\">\n      <div class=\"u-clearfix u-sheet u-valign-middle-lg u-valign-middle-xl u-sheet-1\">\n        <div class=\"u-clearfix u-expanded-width-lg u-expanded-width-xl u-layout-wrap u-layout-wrap-1\">\n          <div class=\"u-layout\">\n            <div class=\"u-layout-row\">\n              <div class=\"u-align-center u-container-style u-layout-cell u-shape-rectangle u-size-60 u-layout-cell-1\">\n                <div class=\"u-container-layout u-container-layout-1\">\n                  <h2 class=\"u-custom-font u-font-montserrat u-text u-text-palette-2-dark-2 u-text-1\">Aktuelles<\/h2>\n                  <p class=\"u-custom-font u-font-montserrat u-text u-text-palette-2-dark-2 u-text-2\"> Liebe Patienten,<br>viele sind durch den Ausbruch der Atemwegserkrankungen Covid-19 verunsichert.<br>Als Zahnarztpraxis halten wir selbstverst\u00e4ndlich die h\u00f6chsten Hygienestandards ein, um Ihre Gesundheit und die unserer Mitarbeiter zu sch\u00fctzen.&nbsp;<br>Wir stehen sowohl f\u00fcr akute Schmerzbehandlung wie auch f\u00fcr terminierte zahnmedizinische Untersuchungen wie gewohnt zur Verf\u00fcgung.<br>\n                    <span style=\"font-weight: 700;\">Bitte betreten Sie die Praxis mit aktuell vorgeschriebener Maske und desinfizieren Sie sich am Eingang die H\u00e4nde.<\/span>\n                    <br>Patienten, die Krankheitssymptome einer Covid-19 Infektion aufweisen oder sich in Quarant\u00e4ne befinden, bitten wir, die Praxis nicht zu betreten.<br>\n                    <span style=\"font-weight: 700;\">In diesen F\u00e4llen kontaktieren Sie uns bitte telefonisch.<\/span>\n                    <br>\n                    <br>Vielen Dank f\u00fcr Ihr Verst\u00e4ndnis &amp; kommen Sie gesund durch diese Zeit!\n                  <\/p>\n                <\/div>\n              <\/div>\n            <\/div>\n          <\/div>\n        <\/div>\n      <\/div>\n    <\/section>\n    <section class=\"u-clearfix u-gradient u-section-6\" id=\"carousel_9f50\">\n      <div class=\"u-clearfix u-sheet u-sheet-1\">\n        <div class=\"u-clearfix u-expanded-width-md u-expanded-width-sm u-expanded-width-xs u-layout-wrap u-layout-wrap-1\">\n          <div class=\"u-layout\">\n            <div class=\"u-layout-row\">\n              <div class=\"u-container-style u-image u-layout-cell u-size-32-lg u-size-32-xl u-size-35-md u-size-35-sm u-size-35-xs u-image-1\" data-image-width=\"841\" data-image-height=\"666\">\n                <div class=\"u-container-layout u-container-layout-1\"><\/div>\n              <\/div>\n              <div class=\"u-align-center u-container-style u-layout-cell u-shape-rectangle u-size-25-md u-size-25-sm u-size-25-xs u-size-28-lg u-size-28-xl u-layout-cell-2\">\n                <div class=\"u-container-layout u-container-layout-2\">\n                  <h1 class=\"u-align-center u-custom-font u-font-montserrat u-text u-text-palette-2-dark-2 u-text-1\">Weihnachtsurlaub<br>\n                  <\/h1>\n                  <div class=\"u-align-center u-border-3 u-border-palette-2-base u-line u-line-horizontal u-line-1\"><\/div>\n                  <p class=\"u-custom-font u-font-montserrat u-text u-text-palette-2-dark-2 u-text-2\">Vom 22.12.2025 bis einschl. 06.01.2026 bleibt unsere Praxis geschlossen!<br>\n                  <\/p>\n                <\/div>\n              <\/div>\n            <\/div>\n          <\/div>\n        <\/div>\n      <\/div>\n    <\/section>\n    <section class=\"u-clearfix u-gradient u-section-7\" id=\"sec-ce0d\">\n      <div class=\"u-clearfix u-sheet u-sheet-1\">\n        <div class=\"u-clearfix u-expanded-width u-gutter-30 u-layout-wrap u-layout-wrap-1\">\n          <div class=\"u-layout\">\n            <div class=\"u-layout-row\">\n              <div class=\"u-container-style u-layout-cell u-left-cell u-size-28 u-layout-cell-1\">\n                <div class=\"u-container-layout u-container-layout-1\">\n                  <div class=\"u-align-left u-palette-2-base u-shape u-shape-1\"><\/div>\n                  <img decoding=\"async\" class=\"u-align-left u-image u-image-1\" data-image-width=\"720\" data-image-height=\"540\" src=\"https:\/\/zahnarztpraxis-miller.de\/wp-content\/uploads\/2021\/10\/Zahngoldspende2.jpg\">\n                <\/div>\n              <\/div>\n              <div class=\"u-align-center u-container-style u-layout-cell u-right-cell u-size-32 u-layout-cell-2\">\n                <div class=\"u-container-layout u-valign-middle u-container-layout-2\">\n                  <h2 class=\"u-custom-font u-font-montserrat u-text u-text-palette-2-dark-2 u-text-1\">Zahngold f\u00fcr einen guten Zweck<\/h2>\n                  <p class=\"u-custom-font u-font-montserrat u-text u-text-palette-2-dark-2 u-text-2\"> Aus Zahngold wird Licht und Trinkwasserschutz.<br>\n                    <span style=\"font-weight: 700;\">DANKE!<\/span>&nbsp;<br>Das im letzten Jahr in unserer Praxis gespendete Zahngold im Rahmen einer Aktion der Freiwilligen Feuerwehr Kirchehrenbach hatte einen Wert von <span style=\"font-weight: 700;\">1.600,-Euro<\/span>.<br>\n                    <span style=\"font-weight: 700;\">Wahnsinn! <\/span>\n                    <br>Die \u00dcbergabe f\u00fcr 2020 konnte aber jetzt erst stattfinden - das tr\u00fcbte die Freude bei Dr. Ludwig Miller und Kommandant Sebastian M\u00fcller aber nicht. <br>\n                    <br>\n                    <span style=\"font-weight: 700;\">Vielen, vielen Dank an alle, die \"Ihr Zahngold f\u00fcr die Sicherheit\" unterst\u00fctzt haben!<\/span>\n                    <br>\n                    <br>Was es mit der neuen Ausr\u00fcstung auf sich hat, kann hier nachgelesen werden.\n                  <\/p>\n                  <a href=\"https:\/\/www.feuerwehr-kirchehrenbach.de\/component\/content\/article\/32-archiv\/archiv-2020\/archiv-2021old\/529-aus-zahngold-wird-licht-und-trinkwasserschutz?Itemid=\" class=\"u-border-none u-btn u-btn-round u-button-style u-palette-2-base u-radius-10 u-btn-1\" target=\"_blank\">mehr erfahren<\/a>\n                <\/div>\n              <\/div>\n            <\/div>\n          <\/div>\n        <\/div>\n      <\/div>\n    <\/section>\n    <section class=\"u-clearfix u-gradient u-section-8\" id=\"carousel_3bae\">\n      <div class=\"u-clearfix u-sheet u-sheet-1\">\n        <div class=\"u-clearfix u-expanded-width u-gutter-30 u-layout-wrap u-layout-wrap-1\">\n          <div class=\"u-layout\">\n            <div class=\"u-layout-row\">\n              <div class=\"u-align-center u-container-style u-layout-cell u-right-cell u-size-32 u-layout-cell-1\">\n                <div class=\"u-container-layout u-container-layout-1\">\n                  <h2 class=\"u-custom-font u-font-montserrat u-text u-text-palette-2-dark-2 u-text-1\">Zahngold spenden und Feuerwehr unterst\u00fctzen<br>\n                  <\/h2>\n                  <p class=\"u-custom-font u-font-montserrat u-text u-text-palette-2-dark-2 u-text-2\"> Seit 2018 l\u00e4uft die Aktion <span style=\"font-weight: 700;\">\u201eIhr Zahngold f\u00fcr die Sicherheit\u201c<\/span> der Feuerwehr Kirchehrenbach mit der Zahnarztpraxis von <span style=\"font-weight: 700;\">Dr. Ludwig Miller<\/span>. K\u00fcrzlich ist der Erl\u00f6s vom vergangenen Jahr in H\u00f6he von <span style=\"font-weight: 700;\">1000 Euro<\/span> \u2013 in Form von zwei Tablet-PC an die Feuerwehr \u00fcbergeben worden. Sie unterst\u00fctzen auf zwei Einsatzfahrzeugen k\u00fcnftig die F\u00fchrungskr\u00e4fte, wie die Feuerwehr in einer Pressemitteilung schreibt.<br>\n                    <br>\n                    <span style=\"font-weight: 700;\">Vielen, vielen Dank an alle, die \"Ihr Zahngold f\u00fcr die Sicherheit\" unterst\u00fctzt haben!<\/span>\n                    <br>\n                    <br>Was es mit der neuen Ausr\u00fcstung auf sich hat, kann <a href=\"https:\/\/www.infranken.de\/lk\/gem\/forchheimampfraenkischeschweiz\/zahngold-spenden-und-feuerwehr-unterstuetzen-art-5640890\" class=\"u-active-none u-border-none u-btn u-button-link u-button-style u-hover-none u-none u-text-palette-1-base u-btn-1\" target=\"_blank\">\n                      <span style=\"text-decoration: underline !important;\">hier im Artikel von infranken<\/span>\n                    <\/a> (Ausgabe vom 13.02.2023) nachgelesen werden.\n                  <\/p>\n                  <a href=\"https:\/\/www.feuerwehr-kirchehrenbach.de\/component\/content\/article\/35-archiv\/2023\/575-zahngold-spende-nummer-vier?Itemid=\" class=\"u-border-none u-btn u-btn-round u-button-style u-palette-2-base u-radius-10 u-btn-2\" target=\"_blank\">mehr erfahren<\/a>\n                <\/div>\n              <\/div>\n              <div class=\"u-container-style u-layout-cell u-left-cell u-size-28 u-layout-cell-2\">\n                <div class=\"u-container-layout u-container-layout-2\">\n                  <div class=\"u-align-left u-palette-2-base u-shape u-shape-1\"><\/div>\n                  <img decoding=\"async\" class=\"u-align-left u-image u-image-1\" data-image-width=\"800\" data-image-height=\"578\" src=\"https:\/\/zahnarztpraxis-miller.de\/wp-content\/uploads\/2023\/02\/20230210-web.jpg\">\n                <\/div>\n              <\/div>\n            <\/div>\n          <\/div>\n        <\/div>\n      <\/div>\n    <\/section>\n    \n    \n  \n","protected":false},"excerpt":{"rendered":"<p>Herzlich Willkomme\u200bn\u200b\u200b\u200b bei Dr. Ludwig Miller Ihr Zahnarzt in Kirchehrenbach am Fu\u00dfe des Walberlas Herzlich Willkommen bei Ihrem Zahnarzt in Kirchehrenbach am Fu\u00dfe des Walberlas.In angenehmen und fr\u00f6hlichem Ambiente bieten wir Ihnen Zahnmedizin auf dem neuesten Stand der Wissenschaft. Ob Prophylaxe, akute Behandlung oder \u00e4sthetische Zahnmedizin &#8211; mit unserem gut eingespielten Team k\u00f6nnen unsere Patienten &hellip; <a href=\"https:\/\/zahnarztpraxis-miller.de\/\" class=\"more-link\">Continue reading<span class=\"screen-reader-text\"> &#8222;Startseite&#8220;<\/span><\/a><\/p>\n","protected":false},"author":1,"featured_media":0,"parent":0,"menu_order":0,"comment_status":"closed","ping_status":"closed","template":"","meta":{"footnotes":""},"class_list":["post-571","page","type-page","status-publish","hentry"],"_links":{"self":[{"href":"https:\/\/zahnarztpraxis-miller.de\/index.php\/wp-json\/wp\/v2\/pages\/571","targetHints":{"allow":["GET"]}}],"collection":[{"href":"https:\/\/zahnarztpraxis-miller.de\/index.php\/wp-json\/wp\/v2\/pages"}],"about":[{"href":"https:\/\/zahnarztpraxis-miller.de\/index.php\/wp-json\/wp\/v2\/types\/page"}],"author":[{"embeddable":true,"href":"https:\/\/zahnarztpraxis-miller.de\/index.php\/wp-json\/wp\/v2\/users\/1"}],"replies":[{"embeddable":true,"href":"https:\/\/zahnarztpraxis-miller.de\/index.php\/wp-json\/wp\/v2\/comments?post=571"}],"version-history":[{"count":19,"href":"https:\/\/zahnarztpraxis-miller.de\/index.php\/wp-json\/wp\/v2\/pages\/571\/revisions"}],"predecessor-version":[{"id":640,"href":"https:\/\/zahnarztpraxis-miller.de\/index.php\/wp-json\/wp\/v2\/pages\/571\/revisions\/640"}],"wp:attachment":[{"href":"https:\/\/zahnarztpraxis-miller.de\/index.php\/wp-json\/wp\/v2\/media?parent=571"}],"curies":[{"name":"wp","href":"https:\/\/api.w.org\/{rel}","templated":true}]}}